{"id":742037,"date":"2025-10-15T10:15:07","date_gmt":"2025-10-15T09:15:07","guid":{"rendered":"https:\/\/exelio.be\/?page_id=742037"},"modified":"2025-10-15T10:26:58","modified_gmt":"2025-10-15T09:26:58","slug":"remerciements","status":"publish","type":"page","link":"https:\/\/exelio.be\/en\/remerciements\/","title":{"rendered":"Remerciements"},"content":{"rendered":"\t\t<div data-elementor-type=\"wp-post\" data-elementor-id=\"742037\" class=\"elementor elementor-742037\" data-elementor-post-type=\"page\">\n\t\t\t\t\t\t<section class=\"elementor-section elementor-top-section elementor-element elementor-element-e0fe712 elementor-section-full_width elementor-section-height-default elementor-section-height-default\" data-id=\"e0fe712\" data-element_type=\"section\" data-e-type=\"section\" data-settings=\"{&quot;jet_parallax_layout_list&quot;:[{&quot;jet_parallax_layout_image&quot;:{&quot;url&quot;:&quot;&quot;,&quot;id&quot;:&quot;&quot;,&quot;size&quot;:&quot;&quot;},&quot;_id&quot;:&quot;46c6b16&quot;,&quot;jet_parallax_layout_image_tablet&quot;:{&quot;url&quot;:&quot;&quot;,&quot;id&quot;:&quot;&quot;,&quot;size&quot;:&quot;&quot;},&quot;jet_parallax_layout_image_mobile&quot;:{&quot;url&quot;:&quot;&quot;,&quot;id&quot;:&quot;&quot;,&quot;size&quot;:&quot;&quot;},&quot;jet_parallax_layout_speed&quot;:{&quot;unit&quot;:&quot;%&quot;,&quot;size&quot;:50,&quot;sizes&quot;:[]},&quot;jet_parallax_layout_type&quot;:&quot;scroll&quot;,&quot;jet_parallax_layout_direction&quot;:&quot;1&quot;,&quot;jet_parallax_layout_fx_direction&quot;:null,&quot;jet_parallax_layout_z_index&quot;:&quot;&quot;,&quot;jet_parallax_layout_bg_x&quot;:50,&quot;jet_parallax_layout_bg_x_tablet&quot;:&quot;&quot;,&quot;jet_parallax_layout_bg_x_mobile&quot;:&quot;&quot;,&quot;jet_parallax_layout_bg_y&quot;:50,&quot;jet_parallax_layout_bg_y_tablet&quot;:&quot;&quot;,&quot;jet_parallax_layout_bg_y_mobile&quot;:&quot;&quot;,&quot;jet_parallax_layout_bg_size&quot;:&quot;auto&quot;,&quot;jet_parallax_layout_bg_size_tablet&quot;:&quot;&quot;,&quot;jet_parallax_layout_bg_size_mobile&quot;:&quot;&quot;,&quot;jet_parallax_layout_animation_prop&quot;:&quot;transform&quot;,&quot;jet_parallax_layout_on&quot;:[&quot;desktop&quot;,&quot;tablet&quot;]}]}\">\n\t\t\t\t\t\t<div class=\"elementor-container elementor-column-gap-default\">\n\t\t\t\t\t<div class=\"elementor-column elementor-col-100 elementor-top-column elementor-element elementor-element-bff6878 elementor-invisible\" data-id=\"bff6878\" data-element_type=\"column\" data-e-type=\"column\" data-settings=\"{&quot;background_background&quot;:&quot;classic&quot;,&quot;animation&quot;:&quot;fadeIn&quot;}\">\n\t\t\t<div class=\"elementor-widget-wrap elementor-element-populated\">\n\t\t\t\t\t<div class=\"elementor-background-overlay\"><\/div>\n\t\t\t\t\t\t<div class=\"elementor-element elementor-element-49e0b22 elementor-widget elementor-widget-spacer\" data-id=\"49e0b22\" data-element_type=\"widget\" data-e-type=\"widget\" data-widget_type=\"spacer.default\">\n\t\t\t\t<div class=\"elementor-widget-container\">\n\t\t\t\t\t\t\t<div class=\"elementor-spacer\">\n\t\t\t<div class=\"elementor-spacer-inner\"><\/div>\n\t\t<\/div>\n\t\t\t\t\t\t<\/div>\n\t\t\t\t<\/div>\n\t\t\t\t\t<\/div>\n\t\t<\/div>\n\t\t\t\t\t<\/div>\n\t\t<\/section>\n\t\t\t\t<section class=\"elementor-section elementor-top-section elementor-element elementor-element-59beed1 elementor-section-stretched elementor-section-full_width elementor-section-height-default elementor-section-height-default\" data-id=\"59beed1\" data-element_type=\"section\" data-e-type=\"section\" data-settings=\"{&quot;stretch_section&quot;:&quot;section-stretched&quot;,&quot;jet_parallax_layout_list&quot;:[{&quot;jet_parallax_layout_image&quot;:{&quot;url&quot;:&quot;&quot;,&quot;id&quot;:&quot;&quot;,&quot;size&quot;:&quot;&quot;},&quot;_id&quot;:&quot;8f66cee&quot;,&quot;jet_parallax_layout_image_tablet&quot;:{&quot;url&quot;:&quot;&quot;,&quot;id&quot;:&quot;&quot;,&quot;size&quot;:&quot;&quot;},&quot;jet_parallax_layout_image_mobile&quot;:{&quot;url&quot;:&quot;&quot;,&quot;id&quot;:&quot;&quot;,&quot;size&quot;:&quot;&quot;},&quot;jet_parallax_layout_speed&quot;:{&quot;unit&quot;:&quot;%&quot;,&quot;size&quot;:50,&quot;sizes&quot;:[]},&quot;jet_parallax_layout_type&quot;:&quot;scroll&quot;,&quot;jet_parallax_layout_direction&quot;:&quot;1&quot;,&quot;jet_parallax_layout_fx_direction&quot;:null,&quot;jet_parallax_layout_z_index&quot;:&quot;&quot;,&quot;jet_parallax_layout_bg_x&quot;:50,&quot;jet_parallax_layout_bg_x_tablet&quot;:&quot;&quot;,&quot;jet_parallax_layout_bg_x_mobile&quot;:&quot;&quot;,&quot;jet_parallax_layout_bg_y&quot;:50,&quot;jet_parallax_layout_bg_y_tablet&quot;:&quot;&quot;,&quot;jet_parallax_layout_bg_y_mobile&quot;:&quot;&quot;,&quot;jet_parallax_layout_bg_size&quot;:&quot;auto&quot;,&quot;jet_parallax_layout_bg_size_tablet&quot;:&quot;&quot;,&quot;jet_parallax_layout_bg_size_mobile&quot;:&quot;&quot;,&quot;jet_parallax_layout_animation_prop&quot;:&quot;transform&quot;,&quot;jet_parallax_layout_on&quot;:[&quot;desktop&quot;,&quot;tablet&quot;]}]}\">\n\t\t\t\t\t\t<div class=\"elementor-container elementor-column-gap-no\">\n\t\t\t\t\t<div class=\"elementor-column elementor-col-100 elementor-top-column elementor-element elementor-element-735ffb0\" data-id=\"735ffb0\" data-element_type=\"column\" data-e-type=\"column\">\n\t\t\t<div class=\"elementor-widget-wrap elementor-element-populated\">\n\t\t\t\t\t\t<div class=\"elementor-element elementor-element-864ca28 elementor-widget elementor-widget-heading\" data-id=\"864ca28\" data-element_type=\"widget\" data-e-type=\"widget\" data-widget_type=\"heading.default\">\n\t\t\t\t<div class=\"elementor-widget-container\">\n\t\t\t\t\t<h2 class=\"elementor-heading-title elementor-size-default\">Merci pour votre prise de contact !<\/h2>\t\t\t\t<\/div>\n\t\t\t\t<\/div>\n\t\t\t\t<div class=\"elementor-element elementor-element-f63055e elementor-widget elementor-widget-text-editor\" data-id=\"f63055e\" data-element_type=\"widget\" data-e-type=\"widget\" data-widget_type=\"text-editor.default\">\n\t\t\t\t<div class=\"elementor-widget-container\">\n\t\t\t\t\t\t\t\t\t<p>Votre message a \u00e9t\u00e9 envoy\u00e9 avec succ\u00e8s.<\/p><p>Notre \u00e9quipe va \u00e9tudier votre demande et vous r\u00e9pondra dans les plus brefs d\u00e9lais.<\/p><p>En attendant, n\u2019h\u00e9sitez pas \u00e0 parcourir notre site ou \u00e0 nous suivre sur les r\u00e9seaux sociaux pour d\u00e9couvrir nos derni\u00e8res actualit\u00e9s.<\/p>\t\t\t\t\t\t\t\t<\/div>\n\t\t\t\t<\/div>\n\t\t\t\t<div class=\"elementor-element elementor-element-9258b55 elementor-align-center elementor-widget elementor-widget-button\" data-id=\"9258b55\" data-element_type=\"widget\" data-e-type=\"widget\" data-widget_type=\"button.default\">\n\t\t\t\t<div class=\"elementor-widget-container\">\n\t\t\t\t\t\t\t\t\t<div class=\"elementor-button-wrapper\">\n\t\t\t\t\t<a class=\"elementor-button elementor-button-link elementor-size-sm\" href=\"\/\">\n\t\t\t\t\t\t<span class=\"elementor-button-content-wrapper\">\n\t\t\t\t\t\t\t\t\t<span class=\"elementor-button-text\">Accueil<\/span>\n\t\t\t\t\t<\/span>\n\t\t\t\t\t<\/a>\n\t\t\t\t<\/div>\n\t\t\t\t\t\t\t\t<\/div>\n\t\t\t\t<\/div>\n\t\t\t\t\t<\/div>\n\t\t<\/div>\n\t\t\t\t\t<\/div>\n\t\t<\/section>\n\t\t\t\t<\/div>\n\t\t","protected":false},"excerpt":{"rendered":"<p>Merci pour votre prise de contact ! Votre message a \u00e9t\u00e9 envoy\u00e9 avec succ\u00e8s. Notre \u00e9quipe va \u00e9tudier votre demande et vous r\u00e9pondra dans les plus brefs d\u00e9lais. En attendant, n\u2019h\u00e9sitez pas \u00e0 parcourir notre site ou \u00e0 nous suivre sur les r\u00e9seaux sociaux pour d\u00e9couvrir nos derni\u00e8res actualit\u00e9s. Accueil<\/p>\n","protected":false},"author":20,"featured_media":0,"parent":0,"menu_order":5,"comment_status":"closed","ping_status":"closed","template":"elementor_header_footer","meta":{"_acf_changed":false,"footnotes":""},"class_list":["post-742037","page","type-page","status-publish","hentry"],"acf":[],"yoast_head":"<!-- This site is optimized with the Yoast SEO plugin v25.2 - https:\/\/yoast.com\/wordpress\/plugins\/seo\/ -->\n<title>Remerciements - exelio<\/title>\n<meta name=\"robots\" content=\"index, follow, max-snippet:-1, max-image-preview:large, max-video-preview:-1\" \/>\n<link rel=\"canonical\" href=\"https:\/\/exelio.be\/remerciements\/\" \/>\n<meta property=\"og:locale\" content=\"en_US\" \/>\n<meta property=\"og:type\" content=\"article\" \/>\n<meta property=\"og:title\" content=\"Remerciements - exelio\" \/>\n<meta property=\"og:description\" content=\"Merci pour votre prise de contact ! Votre message a \u00e9t\u00e9 envoy\u00e9 avec succ\u00e8s. Notre \u00e9quipe va \u00e9tudier votre demande et vous r\u00e9pondra dans les plus brefs d\u00e9lais. En attendant, n\u2019h\u00e9sitez pas \u00e0 parcourir notre site ou \u00e0 nous suivre sur les r\u00e9seaux sociaux pour d\u00e9couvrir nos derni\u00e8res actualit\u00e9s. Accueil\" \/>\n<meta property=\"og:url\" content=\"https:\/\/exelio.be\/remerciements\/\" \/>\n<meta property=\"og:site_name\" content=\"exelio\" \/>\n<meta property=\"article:modified_time\" content=\"2025-10-15T09:26:58+00:00\" \/>\n<meta name=\"twitter:card\" content=\"summary_large_image\" \/>\n<meta name=\"twitter:label1\" content=\"Est. reading time\" \/>\n\t<meta name=\"twitter:data1\" content=\"1 minute\" \/>\n<script type=\"application\/ld+json\" class=\"yoast-schema-graph\">{\"@context\":\"https:\/\/schema.org\",\"@graph\":[{\"@type\":\"WebPage\",\"@id\":\"https:\/\/exelio.be\/remerciements\/\",\"url\":\"https:\/\/exelio.be\/remerciements\/\",\"name\":\"Remerciements - exelio\",\"isPartOf\":{\"@id\":\"https:\/\/exelio.be\/#website\"},\"datePublished\":\"2025-10-15T09:15:07+00:00\",\"dateModified\":\"2025-10-15T09:26:58+00:00\",\"breadcrumb\":{\"@id\":\"https:\/\/exelio.be\/remerciements\/#breadcrumb\"},\"inLanguage\":\"en-US\",\"potentialAction\":[{\"@type\":\"ReadAction\",\"target\":[\"https:\/\/exelio.be\/remerciements\/\"]}]},{\"@type\":\"BreadcrumbList\",\"@id\":\"https:\/\/exelio.be\/remerciements\/#breadcrumb\",\"itemListElement\":[{\"@type\":\"ListItem\",\"position\":1,\"name\":\"Accueil\",\"item\":\"https:\/\/exelio.be\/en\/exelio\/\"},{\"@type\":\"ListItem\",\"position\":2,\"name\":\"Remerciements\"}]},{\"@type\":\"WebSite\",\"@id\":\"https:\/\/exelio.be\/#website\",\"url\":\"https:\/\/exelio.be\/\",\"name\":\"exelio\",\"description\":\"Simply efficient\",\"publisher\":{\"@id\":\"https:\/\/exelio.be\/#organization\"},\"potentialAction\":[{\"@type\":\"SearchAction\",\"target\":{\"@type\":\"EntryPoint\",\"urlTemplate\":\"https:\/\/exelio.be\/?s={search_term_string}\"},\"query-input\":{\"@type\":\"PropertyValueSpecification\",\"valueRequired\":true,\"valueName\":\"search_term_string\"}}],\"inLanguage\":\"en-US\"},{\"@type\":\"Organization\",\"@id\":\"https:\/\/exelio.be\/#organization\",\"name\":\"exelio\",\"url\":\"https:\/\/exelio.be\/\",\"logo\":{\"@type\":\"ImageObject\",\"inLanguage\":\"en-US\",\"@id\":\"https:\/\/exelio.be\/#\/schema\/logo\/image\/\",\"url\":\"https:\/\/exelio.be\/wp-content\/uploads\/2021\/09\/logo-exelio-1000.png\",\"contentUrl\":\"https:\/\/exelio.be\/wp-content\/uploads\/2021\/09\/logo-exelio-1000.png\",\"width\":1000,\"height\":529,\"caption\":\"exelio\"},\"image\":{\"@id\":\"https:\/\/exelio.be\/#\/schema\/logo\/image\/\"},\"sameAs\":[\"https:\/\/www.linkedin.com\/company\/exelio\"]}]}<\/script>\n<!-- \/ Yoast SEO plugin. -->","yoast_head_json":{"title":"Remerciements - exelio","robots":{"index":"index","follow":"follow","max-snippet":"max-snippet:-1","max-image-preview":"max-image-preview:large","max-video-preview":"max-video-preview:-1"},"canonical":"https:\/\/exelio.be\/remerciements\/","og_locale":"en_US","og_type":"article","og_title":"Remerciements - exelio","og_description":"Merci pour votre prise de contact ! Votre message a \u00e9t\u00e9 envoy\u00e9 avec succ\u00e8s. Notre \u00e9quipe va \u00e9tudier votre demande et vous r\u00e9pondra dans les plus brefs d\u00e9lais. En attendant, n\u2019h\u00e9sitez pas \u00e0 parcourir notre site ou \u00e0 nous suivre sur les r\u00e9seaux sociaux pour d\u00e9couvrir nos derni\u00e8res actualit\u00e9s. Accueil","og_url":"https:\/\/exelio.be\/remerciements\/","og_site_name":"exelio","article_modified_time":"2025-10-15T09:26:58+00:00","twitter_card":"summary_large_image","twitter_misc":{"Est. reading time":"1 minute"},"schema":{"@context":"https:\/\/schema.org","@graph":[{"@type":"WebPage","@id":"https:\/\/exelio.be\/remerciements\/","url":"https:\/\/exelio.be\/remerciements\/","name":"Remerciements - exelio","isPartOf":{"@id":"https:\/\/exelio.be\/#website"},"datePublished":"2025-10-15T09:15:07+00:00","dateModified":"2025-10-15T09:26:58+00:00","breadcrumb":{"@id":"https:\/\/exelio.be\/remerciements\/#breadcrumb"},"inLanguage":"en-US","potentialAction":[{"@type":"ReadAction","target":["https:\/\/exelio.be\/remerciements\/"]}]},{"@type":"BreadcrumbList","@id":"https:\/\/exelio.be\/remerciements\/#breadcrumb","itemListElement":[{"@type":"ListItem","position":1,"name":"Accueil","item":"https:\/\/exelio.be\/en\/exelio\/"},{"@type":"ListItem","position":2,"name":"Remerciements"}]},{"@type":"WebSite","@id":"https:\/\/exelio.be\/#website","url":"https:\/\/exelio.be\/","name":"exelio","description":"Simply efficient","publisher":{"@id":"https:\/\/exelio.be\/#organization"},"potentialAction":[{"@type":"SearchAction","target":{"@type":"EntryPoint","urlTemplate":"https:\/\/exelio.be\/?s={search_term_string}"},"query-input":{"@type":"PropertyValueSpecification","valueRequired":true,"valueName":"search_term_string"}}],"inLanguage":"en-US"},{"@type":"Organization","@id":"https:\/\/exelio.be\/#organization","name":"exelio","url":"https:\/\/exelio.be\/","logo":{"@type":"ImageObject","inLanguage":"en-US","@id":"https:\/\/exelio.be\/#\/schema\/logo\/image\/","url":"https:\/\/exelio.be\/wp-content\/uploads\/2021\/09\/logo-exelio-1000.png","contentUrl":"https:\/\/exelio.be\/wp-content\/uploads\/2021\/09\/logo-exelio-1000.png","width":1000,"height":529,"caption":"exelio"},"image":{"@id":"https:\/\/exelio.be\/#\/schema\/logo\/image\/"},"sameAs":["https:\/\/www.linkedin.com\/company\/exelio"]}]}},"_links":{"self":[{"href":"https:\/\/exelio.be\/en\/wp-json\/wp\/v2\/pages\/742037","targetHints":{"allow":["GET"]}}],"collection":[{"href":"https:\/\/exelio.be\/en\/wp-json\/wp\/v2\/pages"}],"about":[{"href":"https:\/\/exelio.be\/en\/wp-json\/wp\/v2\/types\/page"}],"author":[{"embeddable":true,"href":"https:\/\/exelio.be\/en\/wp-json\/wp\/v2\/users\/20"}],"replies":[{"embeddable":true,"href":"https:\/\/exelio.be\/en\/wp-json\/wp\/v2\/comments?post=742037"}],"version-history":[{"count":7,"href":"https:\/\/exelio.be\/en\/wp-json\/wp\/v2\/pages\/742037\/revisions"}],"predecessor-version":[{"id":742054,"href":"https:\/\/exelio.be\/en\/wp-json\/wp\/v2\/pages\/742037\/revisions\/742054"}],"wp:attachment":[{"href":"https:\/\/exelio.be\/en\/wp-json\/wp\/v2\/media?parent=742037"}],"curies":[{"name":"wp","href":"https:\/\/api.w.org\/{rel}","templated":true}]}}